{"id":395,"date":"2014-07-25T13:35:32","date_gmt":"2014-07-25T11:35:32","guid":{"rendered":"http:\/\/wp2014.schmitt-cosmetics.com\/?page_id=395"},"modified":"2023-12-07T15:06:52","modified_gmt":"2023-12-07T13:06:52","slug":"home","status":"publish","type":"page","link":"https:\/\/www.schmitt-cosmetics.com\/en\/","title":{"rendered":"Home"},"content":{"rendered":"<div class=\"wpb-content-wrapper\">[vc_row fullwidth=&#8221;true&#8221;][vc_column]\n\t\t\t<!-- START Slider Home REVOLUTION SLIDER 6.7.40 --><p class=\"rs-p-wp-fix\"><\/p>\n\t\t\t<rs-module-wrap id=\"rev_slider_1_1_wrapper\" data-source=\"gallery\" style=\"visibility:hidden;background:#E9E9E9;padding:0;margin:0px auto;margin-top:0;margin-bottom:0;\">\n\t\t\t\t<rs-module id=\"rev_slider_1_1\" style=\"\" data-version=\"6.7.40\">\n\t\t\t\t\t<rs-slides style=\"overflow: hidden; position: absolute;\">\n\t\t\t\t\t\t<rs-slide style=\"position: absolute;\" data-key=\"rs-1\" data-title=\"Slide\" data-anim=\"adpr:false;ms:600;\" data-in=\"o:0;\" data-out=\"a:false;\">\n\t\t\t\t\t\t\t<img decoding=\"async\" src=\"\/\/www.schmitt-cosmetics.com\/wp-content\/plugins\/revslider\/sr6\/assets\/assets\/dummy.png\" alt=\"\" title=\"Home\" class=\"rev-slidebg tp-rs-img rs-lazyload\" data-lazyload=\"\/\/www.schmitt-cosmetics.com\/wp-content\/uploads\/slider_home_hintergrund2.png\" data-bg=\"p:left top;\" data-no-retina>\n<!--\n\t\t\t\t\t\t\t--><a\n\t\t\t\t\t\t\t\tid=\"slider-1-slide-1-layer-0\" \n\t\t\t\t\t\t\t\tclass=\"rs-layer rev-btn\"\n\t\t\t\t\t\t\t\thref=\"https:\/\/www.schmitt-cosmetics.com\/l-a-schmitt-aus-ludwigsstadt-feiert-100-jaehriges-bestehen-und-laedt-ein-zum-tag-der-offenen-tuer\/\" target=\"_self\"\n\t\t\t\t\t\t\t\tdata-type=\"button\"\n\t\t\t\t\t\t\t\tdata-rsp_ch=\"on\"\n\t\t\t\t\t\t\t\tdata-xy=\"xo:73px,77px,112px,59px;y:m;yo:8px,8px,-96px,229px;\"\n\t\t\t\t\t\t\t\tdata-text=\"w:normal;s:22,23,22,20;l:35,37,36,34;ls:2px,2px,0px,0px;fw:500;a:center;\"\n\t\t\t\t\t\t\t\tdata-dim=\"w:372px,396px,386px,367px;h:250px,266px,205px,194px;minh:0px,none,none,none;\"\n\t\t\t\t\t\t\t\tdata-padding=\"t:20,21,21,20;r:60,64,64,60;b:20,21,21,20;l:60,64,64,60;\"\n\t\t\t\t\t\t\t\tdata-border=\"bor:5px,5px,5px,5px;\"\n\t\t\t\t\t\t\t\tdata-frame_0=\"x:0,0,0px,0px;y:0,0,0px,0px;\"\n\t\t\t\t\t\t\t\tdata-frame_1=\"x:0,0,0px,0px;y:0,0,0px,0px;\"\n\t\t\t\t\t\t\t\tdata-frame_999=\"o:0;st:w;\"\n\t\t\t\t\t\t\t\tstyle=\"z-index:10;background-color:#a58f4d;font-family:'Roboto';\"\n\t\t\t\t\t\t\t> <B>100-j\u00e4hriges Jubil\u00e4um und Tag der Offenen T\u00fcr<\/B> <br \/>\nin Bildern<br \/>\n***<br \/>\nJetzt anschauen! \n\t\t\t\t\t\t\t<\/a><!--\n\n\t\t\t\t\t\t\t--><rs-layer\n\t\t\t\t\t\t\t\tid=\"slider-1-slide-1-layer-1\" \n\t\t\t\t\t\t\t\tdata-type=\"image\"\n\t\t\t\t\t\t\t\tdata-rsp_ch=\"on\"\n\t\t\t\t\t\t\t\tdata-xy=\"xo:585px;yo:297px;\"\n\t\t\t\t\t\t\t\tdata-text=\"l:22;\"\n\t\t\t\t\t\t\t\tdata-dim=\"w:[&#039;300px&#039;,&#039;300px&#039;,&#039;300px&#039;,&#039;300px&#039;];h:[&#039;113px&#039;,&#039;113px&#039;,&#039;113px&#039;,&#039;113px&#039;];\"\n\t\t\t\t\t\t\t\tdata-frame_0=\"y:50px;\"\n\t\t\t\t\t\t\t\tdata-frame_1=\"st:800;sp:600;sR:800;\"\n\t\t\t\t\t\t\t\tdata-frame_999=\"st:w;sR:7600;auto:true;\"\n\t\t\t\t\t\t\t\tstyle=\"z-index:5;\"\n\t\t\t\t\t\t\t><img decoding=\"async\" src=\"\/\/www.schmitt-cosmetics.com\/wp-content\/plugins\/revslider\/sr6\/assets\/assets\/dummy.png\" alt=\"\" class=\"tp-rs-img rs-lazyload\" width=\"674\" height=\"254\" data-lazyload=\"\/\/www.schmitt-cosmetics.com\/wp-content\/uploads\/headline2.png\" data-no-retina> \n\t\t\t\t\t\t\t<\/rs-layer><!--\n\n\t\t\t\t\t\t\t--><rs-layer\n\t\t\t\t\t\t\t\tid=\"slider-1-slide-1-layer-2\" \n\t\t\t\t\t\t\t\tdata-type=\"image\"\n\t\t\t\t\t\t\t\tdata-rsp_ch=\"on\"\n\t\t\t\t\t\t\t\tdata-xy=\"xo:578px;yo:75px;\"\n\t\t\t\t\t\t\t\tdata-text=\"l:22;\"\n\t\t\t\t\t\t\t\tdata-dim=\"w:[&#039;300px&#039;,&#039;300px&#039;,&#039;300px&#039;,&#039;300px&#039;];h:[&#039;223px&#039;,&#039;223px&#039;,&#039;223px&#039;,&#039;223px&#039;];\"\n\t\t\t\t\t\t\t\tdata-frame_0=\"y:-50px;\"\n\t\t\t\t\t\t\t\tdata-frame_1=\"st:1100;sp:600;sR:1100;\"\n\t\t\t\t\t\t\t\tdata-frame_999=\"st:w;sR:7300;auto:true;\"\n\t\t\t\t\t\t\t\tstyle=\"z-index:6;\"\n\t\t\t\t\t\t\t><img decoding=\"async\" src=\"\/\/www.schmitt-cosmetics.com\/wp-content\/plugins\/revslider\/sr6\/assets\/assets\/dummy.png\" alt=\"\" class=\"tp-rs-img rs-lazyload\" width=\"693\" height=\"514\" data-lazyload=\"\/\/www.schmitt-cosmetics.com\/wp-content\/uploads\/headline1.png\" data-no-retina> \n\t\t\t\t\t\t\t<\/rs-layer><!--\n\n\t\t\t\t\t\t\t--><rs-layer\n\t\t\t\t\t\t\t\tid=\"slider-1-slide-1-layer-3\" \n\t\t\t\t\t\t\t\tdata-type=\"image\"\n\t\t\t\t\t\t\t\tdata-rsp_ch=\"on\"\n\t\t\t\t\t\t\t\tdata-xy=\"xo:73px;yo:176px;\"\n\t\t\t\t\t\t\t\tdata-text=\"l:22;a:inherit;\"\n\t\t\t\t\t\t\t\tdata-dim=\"w:[&#039;300px&#039;,&#039;300px&#039;,&#039;300px&#039;,&#039;300px&#039;];h:[&#039;250px&#039;,&#039;250px&#039;,&#039;250px&#039;,&#039;250px&#039;];\"\n\t\t\t\t\t\t\t\tdata-vbility=\"f,f,f,f\"\n\t\t\t\t\t\t\t\tdata-frame_0=\"y:bottom;o:1;\"\n\t\t\t\t\t\t\t\tdata-frame_1=\"st:1270;sp:2150;sR:1270;\"\n\t\t\t\t\t\t\t\tdata-frame_999=\"o:0;st:w;sR:5580;\"\n\t\t\t\t\t\t\t\tstyle=\"z-index:7;\"\n\t\t\t\t\t\t\t><img decoding=\"async\" src=\"\/\/www.schmitt-cosmetics.com\/wp-content\/plugins\/revslider\/sr6\/assets\/assets\/dummy.png\" alt=\"\" class=\"tp-rs-img rs-lazyload\" width=\"300\" height=\"250\" data-lazyload=\"\/\/www.schmitt-cosmetics.com\/wp-content\/uploads\/cosmetic_business_2022.jpg\" data-no-retina> \n\t\t\t\t\t\t\t<\/rs-layer><!--\n\n\t\t\t\t\t\t\t--><rs-layer\n\t\t\t\t\t\t\t\tid=\"slider-1-slide-1-layer-5\" \n\t\t\t\t\t\t\t\tdata-type=\"image\"\n\t\t\t\t\t\t\t\tdata-rsp_ch=\"on\"\n\t\t\t\t\t\t\t\tdata-xy=\"xo:-106px;yo:269px;\"\n\t\t\t\t\t\t\t\tdata-text=\"l:22;a:inherit;\"\n\t\t\t\t\t\t\t\tdata-dim=\"w:[&#039;651px&#039;,&#039;651px&#039;,&#039;651px&#039;,&#039;651px&#039;];h:[&#039;124px&#039;,&#039;124px&#039;,&#039;124px&#039;,&#039;124px&#039;];\"\n\t\t\t\t\t\t\t\tdata-vbility=\"f,f,f,f\"\n\t\t\t\t\t\t\t\tdata-frame_0=\"y:bottom;o:1;\"\n\t\t\t\t\t\t\t\tdata-frame_1=\"st:1270;sp:2150;sR:1270;\"\n\t\t\t\t\t\t\t\tdata-frame_999=\"o:0;st:w;sR:5580;\"\n\t\t\t\t\t\t\t\tstyle=\"z-index:8;\"\n\t\t\t\t\t\t\t><img decoding=\"async\" src=\"\/\/www.schmitt-cosmetics.com\/wp-content\/plugins\/revslider\/sr6\/assets\/assets\/dummy.png\" alt=\"\" class=\"tp-rs-img rs-lazyload\" width=\"1313\" height=\"250\" data-lazyload=\"\/\/www.schmitt-cosmetics.com\/wp-content\/uploads\/alternatives-banner-fur-homepage.jpg\" data-no-retina> \n\t\t\t\t\t\t\t<\/rs-layer><!--\n\n\t\t\t\t\t\t\t--><rs-layer\n\t\t\t\t\t\t\t\tid=\"slider-1-slide-1-layer-7\" \n\t\t\t\t\t\t\t\tdata-type=\"image\"\n\t\t\t\t\t\t\t\tdata-rsp_ch=\"on\"\n\t\t\t\t\t\t\t\tdata-xy=\"xo:72px;yo:27px;\"\n\t\t\t\t\t\t\t\tdata-text=\"l:22;a:inherit;\"\n\t\t\t\t\t\t\t\tdata-dim=\"w:[&#039;466px&#039;,&#039;466px&#039;,&#039;466px&#039;,&#039;466px&#039;];h:[&#039;133px&#039;,&#039;133px&#039;,&#039;133px&#039;,&#039;133px&#039;];\"\n\t\t\t\t\t\t\t\tdata-vbility=\"f,f,f,f\"\n\t\t\t\t\t\t\t\tdata-frame_0=\"y:bottom;o:1;\"\n\t\t\t\t\t\t\t\tdata-frame_1=\"st:1270;sp:2150;sR:1270;\"\n\t\t\t\t\t\t\t\tdata-frame_999=\"o:0;st:w;sR:5580;\"\n\t\t\t\t\t\t\t\tstyle=\"z-index:9;\"\n\t\t\t\t\t\t\t><img decoding=\"async\" src=\"\/\/www.schmitt-cosmetics.com\/wp-content\/plugins\/revslider\/sr6\/assets\/assets\/dummy.png\" alt=\"\" class=\"tp-rs-img rs-lazyload\" width=\"700\" height=\"200\" data-lazyload=\"\/\/www.schmitt-cosmetics.com\/wp-content\/uploads\/banner_startup_20200217.jpg\" data-no-retina> \n\t\t\t\t\t\t\t<\/rs-layer><!--\n-->\t\t\t\t\t<\/rs-slide>\n\t\t\t\t\t<\/rs-slides>\n\t\t\t\t<\/rs-module>\n\t\t\t\t<script>\n\t\t\t\t\tsetREVStartSize({c: 'rev_slider_1_1',rl:[1240,1024,778,480],el:[450,768,960,720],gw:[960,1024,778,480],gh:[450,768,960,720],type:'standard',justify:'',layout:'fullwidth',mh:\"0\"});if (window.RS_MODULES!==undefined && window.RS_MODULES.modules!==undefined && window.RS_MODULES.modules[\"revslider11\"]!==undefined) {window.RS_MODULES.modules[\"revslider11\"].once = false;window.revapi1 = undefined;if (window.RS_MODULES.checkMinimal!==undefined) window.RS_MODULES.checkMinimal()}\n\t\t\t\t<\/script>\n\t\t\t<\/rs-module-wrap>\n\t\t\t<!-- END REVOLUTION SLIDER -->\n[\/vc_column][\/vc_row][mk_page_section bg_color=&#8221;#a58f4d&#8221; border_color=&#8221;#aaaaaa&#8221; speed_factor=&#8221;4&#8243; min_height=&#8221;200&#8243; first_page=&#8221;true&#8221; last_page=&#8221;true&#8221;][vc_column width=&#8221;1\/3&#8243;][mk_padding_divider size=&#8221;5&#8243;][mk_icon_box icon=&#8221;mk-moon-pushpin&#8221; title=&#8221;About us&#8221; font_weight=&#8221;bold&#8221; read_more_txt=&#8221;Read more&#8221; read_more_url=&#8221;https:\/\/www.schmitt-cosmetics.com\/ueber-uns\/&#8221; style=&#8221;boxed&#8221; icon_location=&#8221;top&#8221; icon_color=&#8221;#ffffff&#8221; icon_circle_border_color=&#8221;#ffffff&#8221; animation=&#8221;fade-in&#8221; box_blur=&#8221;false&#8221;]\n<p class=\"p1\" style=\"text-align: center;\">Founded in Leipzig in 1925, L. A. Schmitt develops and produces top-quality cosmetic and wellness products.<\/p>\n<p>&nbsp;[\/mk_icon_box][mk_padding_divider size=&#8221;5&#8243;][\/vc_column][vc_column width=&#8221;1\/3&#8243;][mk_padding_divider size=&#8221;5&#8243;][mk_icon_box icon=&#8221;mk-moon-bookmark-3&#8243; title=&#8221;Making Brands&#8221; font_weight=&#8221;bold&#8221; read_more_txt=&#8221;Read more&#8221; read_more_url=&#8221;https:\/\/www.schmitt-cosmetics.com\/easy-fix\/&#8221; style=&#8221;boxed&#8221; icon_location=&#8221;top&#8221; icon_color=&#8221;&#8221; icon_circle_border_color=&#8221;#ffffff&#8221; animation=&#8221;fade-in&#8221; box_blur=&#8221;false&#8221;]\n<p class=\"p1\" style=\"text-align: center;\">Would you like to create your own cosmetic series? We offer finished product lines that are already packed in attractive packaging.<\/p>\n<p>&nbsp;[\/mk_icon_box][mk_padding_divider size=&#8221;5&#8243;][\/vc_column][vc_column width=&#8221;1\/3&#8243;][mk_padding_divider size=&#8221;5&#8243;][mk_icon_box icon=&#8221;moon-bag&#8221; title=&#8221;Our Brands&#8221; font_weight=&#8221;bold&#8221; read_more_txt=&#8221;Read more&#8221; read_more_url=&#8221;https:\/\/www.schmitt-cosmetics.com\/unsere-markenwelt\/&#8221; style=&#8221;boxed&#8221; icon_location=&#8221;top&#8221; icon_color=&#8221;http:\/\/wp2016.schmitt-cosmetics.com\/wp-content\/uploads\/favicon_apple1.png&#8221; icon_circle_border_color=&#8221;#ffffff&#8221; animation=&#8221;fade-in&#8221; box_blur=&#8221;false&#8221;]Own brands are the basis for our success. As the owner of various trademark rights, we meet the needs of today&#8217;s discerning customer with the corresponding product lines.[\/mk_icon_box][mk_padding_divider size=&#8221;5&#8243;][\/vc_column][\/mk_page_section][mk_page_section speed_factor=&#8221;4&#8243; padding_bottom=&#8221;0&#8243; first_page=&#8221;false&#8221; last_page=&#8221;true&#8221;][vc_column][mk_padding_divider][vc_column_text]\n<h3 style=\"text-align: center;\">Our Brands<\/h3>\n<p>&nbsp;[\/vc_column_text][vc_row_inner][vc_column_inner width=&#8221;1\/6&#8243;][mk_padding_divider size=&#8221;20&#8243;][vc_column_text css=&#8221;.vc_custom_1701085076221{margin-bottom: 0px !important;}&#8221;]\n<h6 style=\"text-align: center;\">Natural Wellness<\/h6>\n<p>&nbsp;[\/vc_column_text][mk_padding_divider size=&#8221;20&#8243;][mk_image src=&#8221;http:\/\/wp2016.schmitt-cosmetics.com\/wp-content\/uploads\/natural_wellness_logo.jpg&#8221; image_width=&#8221;150&#8243; image_height=&#8221;150&#8243; frame_style=&#8221;rounded&#8221; link=&#8221;http:\/\/schmitt-cosmetics.com\/natur-wellness\/&#8221; caption_location=&#8221;outside-image&#8221; align=&#8221;center&#8221; animation=&#8221;scale-up&#8221; crop=&#8221;false&#8221;][\/vc_column_inner][vc_column_inner width=&#8221;1\/6&#8243;][mk_padding_divider size=&#8221;20&#8243;][vc_column_text css=&#8221;.vc_custom_1701085065911{margin-bottom: 0px !important;}&#8221;]\n<h6 style=\"text-align: center;\">Nature factory<\/h6>\n<p>&nbsp;[\/vc_column_text][mk_padding_divider size=&#8221;20&#8243;][mk_image src=&#8221;http:\/\/wp2016.schmitt-cosmetics.com\/wp-content\/uploads\/nature-factory_logo.jpg&#8221; image_width=&#8221;150&#8243; image_height=&#8221;10&#8243; link=&#8221;http:\/\/schmitt-cosmetics.com\/nature-factory\/&#8221; caption_location=&#8221;outside-image&#8221; align=&#8221;center&#8221; animation=&#8221;scale-up&#8221; crop=&#8221;false&#8221;][\/vc_column_inner][vc_column_inner width=&#8221;1\/6&#8243;][mk_padding_divider size=&#8221;20&#8243;][vc_column_text]\n<h6 style=\"text-align: center;\">Maravilla<\/h6>\n<p>&nbsp;[\/vc_column_text][mk_padding_divider size=&#8221;20&#8243;][mk_image src=&#8221;http:\/\/schmitt-cosmetics.com\/wp-content\/uploads\/maravilla_logo.jpg&#8221; image_width=&#8221;150&#8243; image_height=&#8221;10&#8243; link=&#8221;http:\/\/schmitt-cosmetics.com\/maravilla\/&#8221; caption_location=&#8221;outside-image&#8221; align=&#8221;center&#8221; animation=&#8221;scale-up&#8221; crop=&#8221;false&#8221;][\/vc_column_inner][vc_column_inner width=&#8221;1\/6&#8243;][mk_padding_divider size=&#8221;20&#8243;][vc_column_text]\n<h6 style=\"text-align: center;\">Elasco<\/h6>\n<p>&nbsp;[\/vc_column_text][mk_padding_divider size=&#8221;20&#8243;][mk_image src=&#8221;http:\/\/schmitt-cosmetics.com\/wp-content\/uploads\/elasco_logo.jpg&#8221; image_width=&#8221;150&#8243; image_height=&#8221;10&#8243; link=&#8221;http:\/\/schmitt-cosmetics.com\/elasco\/&#8221; caption_location=&#8221;outside-image&#8221; align=&#8221;center&#8221; animation=&#8221;scale-up&#8221; crop=&#8221;false&#8221;][\/vc_column_inner][vc_column_inner width=&#8221;1\/6&#8243;][mk_padding_divider size=&#8221;20&#8243;][vc_column_text]\n<h6 style=\"text-align: center;\">Bernoth<\/h6>\n<p>&nbsp;[\/vc_column_text][mk_padding_divider][mk_image src=&#8221;http:\/\/wp2016.schmitt-cosmetics.com\/wp-content\/uploads\/bernoth_logo.jpg&#8221; image_width=&#8221;150&#8243; image_height=&#8221;10&#8243; link=&#8221;http:\/\/schmitt-cosmetics.com\/bernoth\/&#8221; caption_location=&#8221;outside-image&#8221; align=&#8221;center&#8221; animation=&#8221;scale-up&#8221; crop=&#8221;false&#8221;][\/vc_column_inner][vc_column_inner width=&#8221;1\/6&#8243;][mk_padding_divider size=&#8221;20&#8243;][vc_column_text css=&#8221;.vc_custom_1701951913502{margin-bottom: 0px !important;}&#8221;]\n<h6 style=\"text-align: center;\">Frauka<\/h6>\n<p>&nbsp;[\/vc_column_text][mk_padding_divider size=&#8221;25&#8243;][mk_image src=&#8221;https:\/\/www.schmitt-cosmetics.com\/wp-content\/uploads\/frauka_logo-1.png&#8221; image_width=&#8221;150&#8243; image_height=&#8221;10&#8243; link=&#8221;https:\/\/www.schmitt-cosmetics.com\/frauka\/&#8221; caption_location=&#8221;outside-image&#8221; align=&#8221;center&#8221; animation=&#8221;scale-up&#8221; crop=&#8221;false&#8221;][\/vc_column_inner][\/vc_row_inner][mk_padding_divider size=&#8221;20&#8243;][mk_button dimension=&#8221;outline&#8221; size=&#8221;medium&#8221; url=&#8221;http:\/\/wp2016.schmitt-cosmetics.com\/unsere-markenwelt\/&#8221; align=&#8221;center&#8221; animation=&#8221;fade-in&#8221;]Get to know other brands now[\/mk_button][mk_padding_divider size=&#8221;0&#8243;][\/vc_column][\/mk_page_section][mk_page_section bg_image=&#8221;http:\/\/wp2016.schmitt-cosmetics.com\/wp-content\/uploads\/geschichte.jpg&#8221; bg_position=&#8221;center top&#8221; bg_stretch=&#8221;true&#8221; speed_factor=&#8221;4&#8243; min_height=&#8221;250&#8243; padding_top=&#8221;0&#8243; padding_bottom=&#8221;0&#8243; first_page=&#8221;true&#8221; last_page=&#8221;true&#8221;][vc_column width=&#8221;1\/5&#8243;][\/vc_column][vc_column width=&#8221;1\/5&#8243;][\/vc_column][vc_column width=&#8221;1\/5&#8243;][\/vc_column][vc_column width=&#8221;1\/5&#8243;][\/vc_column][vc_column width=&#8221;1\/5&#8243;][\/vc_column][\/mk_page_section]\n<\/div>","protected":false},"excerpt":{"rendered":"<p>[vc_row fullwidth=&#8221;true&#8221;][vc_column][\/vc_column][\/vc_row][mk_page_section bg_color=&#8221;#a58f4d&#8221; border_color=&#8221;#aaaaaa&#8221; speed_factor=&#8221;4&#8243; min_height=&#8221;200&#8243; first_page=&#8221;true&#8221; last_page=&#8221;true&#8221;][vc_column width=&#8221;1\/3&#8243;][mk_padding_divider size=&#8221;5&#8243;][mk_icon_box icon=&#8221;mk-moon-pushpin&#8221; title=&#8221;About us&#8221; font_weight=&#8221;bold&#8221; read_more_txt=&#8221;Read more&#8221; read_more_url=&#8221;https:\/\/www.schmitt-cosmetics.com\/ueber-uns\/&#8221; style=&#8221;boxed&#8221; icon_location=&#8221;top&#8221; icon_color=&#8221;#ffffff&#8221; icon_circle_border_color=&#8221;#ffffff&#8221; animation=&#8221;fade-in&#8221; box_blur=&#8221;false&#8221;] Founded in Leipzig in 1925, L. A. Schmitt develops and produces top-quality cosmetic and wellness products. &nbsp;[\/mk_icon_box][mk_padding_divider size=&#8221;5&#8243;][\/vc_column][vc_column width=&#8221;1\/3&#8243;][mk_padding_divider size=&#8221;5&#8243;][mk_icon_box icon=&#8221;mk-moon-bookmark-3&#8243; title=&#8221;Making Brands&#8221; font_weight=&#8221;bold&#8221; read_more_txt=&#8221;Read more&#8221; read_more_url=&#8221;https:\/\/www.schmitt-cosmetics.com\/easy-fix\/&#8221; style=&#8221;boxed&#8221; icon_location=&#8221;top&#8221; icon_color=&#8221;&#8221; icon_circle_border_color=&#8221;#ffffff&#8221; animation=&#8221;fade-in&#8221; [&hellip;]<\/p>\n","protected":false},"author":1,"featured_media":0,"parent":0,"menu_order":0,"comment_status":"open","ping_status":"open","template":"","meta":{"footnotes":""},"class_list":["post-395","page","type-page","status-publish","hentry"],"yoast_head":"<!-- This site is optimized with the Yoast SEO plugin v26.9 - https:\/\/yoast.com\/product\/yoast-seo-wordpress\/ -->\n<title>Home - Schmitt Cosmetics<\/title>\n<meta name=\"robots\" content=\"index, follow, max-snippet:-1, max-image-preview:large, max-video-preview:-1\" \/>\n<link rel=\"canonical\" href=\"https:\/\/www.schmitt-cosmetics.com\/\" \/>\n<meta property=\"og:locale\" content=\"en_US\" \/>\n<meta property=\"og:type\" content=\"article\" \/>\n<meta property=\"og:title\" content=\"Home - Schmitt Cosmetics\" \/>\n<meta property=\"og:description\" content=\"[vc_row fullwidth=&#8221;true&#8221;][vc_column][\/vc_column][\/vc_row][mk_page_section bg_color=&#8221;#a58f4d&#8221; border_color=&#8221;#aaaaaa&#8221; speed_factor=&#8221;4&#8243; min_height=&#8221;200&#8243; first_page=&#8221;true&#8221; last_page=&#8221;true&#8221;][vc_column width=&#8221;1\/3&#8243;][mk_padding_divider size=&#8221;5&#8243;][mk_icon_box icon=&#8221;mk-moon-pushpin&#8221; title=&#8221;About us&#8221; font_weight=&#8221;bold&#8221; read_more_txt=&#8221;Read more&#8221; read_more_url=&#8221;https:\/\/www.schmitt-cosmetics.com\/ueber-uns\/&#8221; style=&#8221;boxed&#8221; icon_location=&#8221;top&#8221; icon_color=&#8221;#ffffff&#8221; icon_circle_border_color=&#8221;#ffffff&#8221; animation=&#8221;fade-in&#8221; box_blur=&#8221;false&#8221;] Founded in Leipzig in 1925, L. A. Schmitt develops and produces top-quality cosmetic and wellness products. &nbsp;[\/mk_icon_box][mk_padding_divider size=&#8221;5&#8243;][\/vc_column][vc_column width=&#8221;1\/3&#8243;][mk_padding_divider size=&#8221;5&#8243;][mk_icon_box icon=&#8221;mk-moon-bookmark-3&#8243; title=&#8221;Making Brands&#8221; font_weight=&#8221;bold&#8221; read_more_txt=&#8221;Read more&#8221; read_more_url=&#8221;https:\/\/www.schmitt-cosmetics.com\/easy-fix\/&#8221; style=&#8221;boxed&#8221; icon_location=&#8221;top&#8221; icon_color=&#8221;&#8221; icon_circle_border_color=&#8221;#ffffff&#8221; animation=&#8221;fade-in&#8221; [&hellip;]\" \/>\n<meta property=\"og:url\" content=\"https:\/\/www.schmitt-cosmetics.com\/\" \/>\n<meta property=\"og:site_name\" content=\"Schmitt Cosmetics\" \/>\n<meta property=\"article:modified_time\" content=\"2023-12-07T13:06:52+00:00\" \/>\n<meta name=\"twitter:card\" content=\"summary_large_image\" \/>\n<meta name=\"twitter:label1\" content=\"Est. reading time\" \/>\n\t<meta name=\"twitter:data1\" content=\"4 minutes\" \/>\n<script type=\"application\/ld+json\" class=\"yoast-schema-graph\">{\"@context\":\"https:\/\/schema.org\",\"@graph\":[{\"@type\":\"WebPage\",\"@id\":\"https:\/\/www.schmitt-cosmetics.com\/\",\"url\":\"https:\/\/www.schmitt-cosmetics.com\/\",\"name\":\"Home - Schmitt Cosmetics\",\"isPartOf\":{\"@id\":\"https:\/\/www.schmitt-cosmetics.com\/#website\"},\"datePublished\":\"2014-07-25T11:35:32+00:00\",\"dateModified\":\"2023-12-07T13:06:52+00:00\",\"breadcrumb\":{\"@id\":\"https:\/\/www.schmitt-cosmetics.com\/#breadcrumb\"},\"inLanguage\":\"en-US\",\"potentialAction\":[{\"@type\":\"ReadAction\",\"target\":[\"https:\/\/www.schmitt-cosmetics.com\/\"]}]},{\"@type\":\"BreadcrumbList\",\"@id\":\"https:\/\/www.schmitt-cosmetics.com\/#breadcrumb\",\"itemListElement\":[{\"@type\":\"ListItem\",\"position\":1,\"name\":\"Startseite\",\"item\":\"https:\/\/www.schmitt-cosmetics.com\/\"},{\"@type\":\"ListItem\",\"position\":2,\"name\":\"Home\"}]},{\"@type\":\"WebSite\",\"@id\":\"https:\/\/www.schmitt-cosmetics.com\/#website\",\"url\":\"https:\/\/www.schmitt-cosmetics.com\/\",\"name\":\"Schmitt Cosmetics\",\"description\":\"Cosmetic since 1925\",\"potentialAction\":[{\"@type\":\"SearchAction\",\"target\":{\"@type\":\"EntryPoint\",\"urlTemplate\":\"https:\/\/www.schmitt-cosmetics.com\/?s={search_term_string}\"},\"query-input\":{\"@type\":\"PropertyValueSpecification\",\"valueRequired\":true,\"valueName\":\"search_term_string\"}}],\"inLanguage\":\"en-US\"}]}<\/script>\n<!-- \/ Yoast SEO plugin. -->","yoast_head_json":{"title":"Home - Schmitt Cosmetics","robots":{"index":"index","follow":"follow","max-snippet":"max-snippet:-1","max-image-preview":"max-image-preview:large","max-video-preview":"max-video-preview:-1"},"canonical":"https:\/\/www.schmitt-cosmetics.com\/","og_locale":"en_US","og_type":"article","og_title":"Home - Schmitt Cosmetics","og_description":"[vc_row fullwidth=&#8221;true&#8221;][vc_column][\/vc_column][\/vc_row][mk_page_section bg_color=&#8221;#a58f4d&#8221; border_color=&#8221;#aaaaaa&#8221; speed_factor=&#8221;4&#8243; min_height=&#8221;200&#8243; first_page=&#8221;true&#8221; last_page=&#8221;true&#8221;][vc_column width=&#8221;1\/3&#8243;][mk_padding_divider size=&#8221;5&#8243;][mk_icon_box icon=&#8221;mk-moon-pushpin&#8221; title=&#8221;About us&#8221; font_weight=&#8221;bold&#8221; read_more_txt=&#8221;Read more&#8221; read_more_url=&#8221;https:\/\/www.schmitt-cosmetics.com\/ueber-uns\/&#8221; style=&#8221;boxed&#8221; icon_location=&#8221;top&#8221; icon_color=&#8221;#ffffff&#8221; icon_circle_border_color=&#8221;#ffffff&#8221; animation=&#8221;fade-in&#8221; box_blur=&#8221;false&#8221;] Founded in Leipzig in 1925, L. A. Schmitt develops and produces top-quality cosmetic and wellness products. &nbsp;[\/mk_icon_box][mk_padding_divider size=&#8221;5&#8243;][\/vc_column][vc_column width=&#8221;1\/3&#8243;][mk_padding_divider size=&#8221;5&#8243;][mk_icon_box icon=&#8221;mk-moon-bookmark-3&#8243; title=&#8221;Making Brands&#8221; font_weight=&#8221;bold&#8221; read_more_txt=&#8221;Read more&#8221; read_more_url=&#8221;https:\/\/www.schmitt-cosmetics.com\/easy-fix\/&#8221; style=&#8221;boxed&#8221; icon_location=&#8221;top&#8221; icon_color=&#8221;&#8221; icon_circle_border_color=&#8221;#ffffff&#8221; animation=&#8221;fade-in&#8221; [&hellip;]","og_url":"https:\/\/www.schmitt-cosmetics.com\/","og_site_name":"Schmitt Cosmetics","article_modified_time":"2023-12-07T13:06:52+00:00","twitter_card":"summary_large_image","twitter_misc":{"Est. reading time":"4 minutes"},"schema":{"@context":"https:\/\/schema.org","@graph":[{"@type":"WebPage","@id":"https:\/\/www.schmitt-cosmetics.com\/","url":"https:\/\/www.schmitt-cosmetics.com\/","name":"Home - Schmitt Cosmetics","isPartOf":{"@id":"https:\/\/www.schmitt-cosmetics.com\/#website"},"datePublished":"2014-07-25T11:35:32+00:00","dateModified":"2023-12-07T13:06:52+00:00","breadcrumb":{"@id":"https:\/\/www.schmitt-cosmetics.com\/#breadcrumb"},"inLanguage":"en-US","potentialAction":[{"@type":"ReadAction","target":["https:\/\/www.schmitt-cosmetics.com\/"]}]},{"@type":"BreadcrumbList","@id":"https:\/\/www.schmitt-cosmetics.com\/#breadcrumb","itemListElement":[{"@type":"ListItem","position":1,"name":"Startseite","item":"https:\/\/www.schmitt-cosmetics.com\/"},{"@type":"ListItem","position":2,"name":"Home"}]},{"@type":"WebSite","@id":"https:\/\/www.schmitt-cosmetics.com\/#website","url":"https:\/\/www.schmitt-cosmetics.com\/","name":"Schmitt Cosmetics","description":"Cosmetic since 1925","potentialAction":[{"@type":"SearchAction","target":{"@type":"EntryPoint","urlTemplate":"https:\/\/www.schmitt-cosmetics.com\/?s={search_term_string}"},"query-input":{"@type":"PropertyValueSpecification","valueRequired":true,"valueName":"search_term_string"}}],"inLanguage":"en-US"}]}},"_links":{"self":[{"href":"https:\/\/www.schmitt-cosmetics.com\/en\/wp-json\/wp\/v2\/pages\/395","targetHints":{"allow":["GET"]}}],"collection":[{"href":"https:\/\/www.schmitt-cosmetics.com\/en\/wp-json\/wp\/v2\/pages"}],"about":[{"href":"https:\/\/www.schmitt-cosmetics.com\/en\/wp-json\/wp\/v2\/types\/page"}],"author":[{"embeddable":true,"href":"https:\/\/www.schmitt-cosmetics.com\/en\/wp-json\/wp\/v2\/users\/1"}],"replies":[{"embeddable":true,"href":"https:\/\/www.schmitt-cosmetics.com\/en\/wp-json\/wp\/v2\/comments?post=395"}],"version-history":[{"count":43,"href":"https:\/\/www.schmitt-cosmetics.com\/en\/wp-json\/wp\/v2\/pages\/395\/revisions"}],"predecessor-version":[{"id":2083,"href":"https:\/\/www.schmitt-cosmetics.com\/en\/wp-json\/wp\/v2\/pages\/395\/revisions\/2083"}],"wp:attachment":[{"href":"https:\/\/www.schmitt-cosmetics.com\/en\/wp-json\/wp\/v2\/media?parent=395"}],"curies":[{"name":"wp","href":"https:\/\/api.w.org\/{rel}","templated":true}]}}